{"id":365,"date":"2024-06-12T12:33:06","date_gmt":"2024-06-12T10:33:06","guid":{"rendered":"https:\/\/digitalfix.cat\/?page_id=365"},"modified":"2025-07-01T11:08:29","modified_gmt":"2025-07-01T09:08:29","slug":"politiques-privacitat","status":"publish","type":"page","link":"https:\/\/digitalfix.cat\/index.php\/politiques-privacitat\/","title":{"rendered":"Pol\u00edtiques de Privacitat"},"content":{"rendered":"\t\t<div data-elementor-type=\"wp-page\" data-elementor-id=\"365\" class=\"elementor elementor-365\" data-elementor-post-type=\"page\">\n\t\t\t\t<div class=\"elementor-element elementor-element-135976d e-flex e-con-boxed e-con e-parent\" data-id=\"135976d\" data-element_type=\"container\">\n\t\t\t\t\t<div class=\"e-con-inner\">\n\t\t\t\t<div class=\"elementor-element elementor-element-d788342 elementor-widget elementor-widget-text-editor\" data-id=\"d788342\" data-element_type=\"widget\" data-widget_type=\"text-editor.default\">\n\t\t\t\t<div class=\"elementor-widget-container\">\n\t\t\t\t\t\t\t\t\t<p>En cas que la persona interessada faciliti dades de car\u00e0cter personal (\u201cDades\u201d), les dades seran tractades de forma lleial i l\u00edcita, respectant en tot moment els principis i drets recollits al Reglament (UE) 2016\/679 del Parlament i del Consell de 27 d&#8217;abril de 2016 relatiu a la protecci\u00f3 de les persones f\u00edsiques pel que fa al tractament de dades personals ia la lliure circulaci\u00f3 d&#8217;aquestes dades (RGPD) i la resta de normativa nacional aplicable.<\/p><p>Responsable del Tractament DIGITALFIX EMPORDA NIF B42722983 (d&#8217;ara endavant, \u201cDigitalFix\u201d).<\/p><p>Adre\u00e7a: Carrer Sant Llatzer 53, Figueres 17600 (Girona) Catalunya. ESPANYA<\/p><p>E-mail: info@digitalfix.es<\/p><p>Qu\u00e8 fem amb les teves dades? <strong><em>\u201cNou Client\u201d<\/em><\/strong><\/p><p>La finalitat principal del tractament \u00e9s la gesti\u00f3 dels usuaris registrats a la nostra web. Legitimaci\u00f3: Art. 6.1.a) RGPD: consentiment expr\u00e9s. Les dades seran conservades fins que l&#8217;usuari suprimeixi el vostre compte personal.<\/p><p><strong><em>\u201cRealitzar o tramitar una comanda\u201d<\/em><\/strong><\/p><p>Les dades seran tractades amb la finalitat de gestionar la teva compra: tramesa, recollida, tr\u00e0mits postvenda. La base que legitima el tractament \u00e9s lexecuci\u00f3 de la relaci\u00f3 contractual de compravenda conforme a lArt. 6.1.b) RPGD. Les dades podran ser comunicades als departaments t\u00e8cnics dels fabricants quan calgui tramitar la garantia d&#8217;un producte. Aquesta comunicaci\u00f3 est\u00e0 legitimada per l&#8217;art. 6.1.c) RGPD, el tractament \u00e9s necessari per complir l&#8217;obligaci\u00f3 legal de garantia estipulada per la normativa vigent. Les dades seran conservades fins que l&#8217;usuari suprimeixi el vostre compte personal. Posteriorment, es conservaran bloquejats fins a la data de prescripci\u00f3 de les accions legals. Transcorregut aquest termini, les dades se suprimiran de manera irreversible.<\/p><p>Per tramitar el lliurament de la teva comanda, el personal encarregat podr\u00e0 sol\u00b7licitar dades identificatives per identificar la teva identitat i prevenir entregues fraudulentes (com el n\u00famero de DNI, nom o cognoms). Les teves dades nom\u00e9s seran tractades per a aquesta finalitat. En cap cas no es captar\u00e0 una imatge del teu document d&#8217;identificaci\u00f3.<\/p><p>En cas que la recollida la faci una persona diferent de la que ha tramitat la comanda, s&#8217;informa que el tractament de les dades \u00e9s estrictament necessari per a la prevenci\u00f3 de frau. Les dades no seran comunicades a tercers, ni seran objecte de transfer\u00e8ncia internacional. Les dades seran conservades durant el termini de verificaci\u00f3 del lliurament i posteriorment es mantindran degudament bloquejades fins a la data de prescripci\u00f3 de les accions legals. Transcorregut aquest termini, les dades personals se suprimiran de manera irreversible.<\/p><p><em><strong>\u201cNewsletter i enviament de publicitat\u201d<\/strong><\/em><\/p><p>Quan l&#8217;usuari no hagi realitzat pr\u00e8viament una compra a DigitalFix, \u00fanicament se li remetr\u00e0 publicitat relacionada amb productes i serveis propis quan aix\u00ed presti consentiment expr\u00e9s per a aquesta finalitat. La base legitimadora \u00e9s el consentiment expr\u00e9s conforme a l&#8217;art. 6.1.a) RPGD. Les dades seran conservades fins que l&#8217;usuari manifesta la seva oposici\u00f3 al tractament mitjan\u00e7ant un procediment de baixa senzill i accessible a cada comunicaci\u00f3 publicit\u00e0ria.<\/p><p>Les persones que hagin fet compres de productes venuts per DigitalFix podran rebre comunicacions comercials sobre la base de l&#8217;art. 21.2 Llei 34\/2002, de serveis de la societat de la informaci\u00f3 i de comer\u00e7 electr\u00f2nic. La persona interessada podr\u00e0 tramitar la baixa a la subscripci\u00f3 de forma senzilla a trav\u00e9s de lenlla\u00e7 disponible a cada comunicaci\u00f3.<\/p><p><em><strong>\u201cSortejos\u201d<\/strong><\/em><\/p><p>Les dades seran tractades per gestionar la participaci\u00f3 de les persones interessades al sorteig, aix\u00ed com per comunicar els premis a les persones guanyadores. La base que legitima el tractament \u00e9s l&#8217;art. 6.1.b) RPGD, execuci\u00f3 de la relaci\u00f3 contractual. Les dades es mantindran conservades fins a la prescripci\u00f3 de les accions legals, posteriorment seran suprimides.<\/p><p><em><strong>\u201cFormulari de contacte\u201d<\/strong><\/em><\/p><p>Les dades seran tractades per tramitar una sol\u00b7licitud d&#8217;informaci\u00f3. La base legitimadora del tractament \u00e9s l&#8217;art. 6.1.a) RPGD, el consentiment expr\u00e9s de l&#8217;interessat. Les dades es conservaran \u00fanicament durant el per\u00edode necessari per tramitar la consulta.<\/p><p><em><strong>\u201cPublicar una opini\u00f3\u201d<\/strong><\/em><\/p><p>S&#8217;informa que no cal utilitzar dades personals per publicar una ressenya a la web de DigitalFix. La persona interessada pot triar un \u00e0lies o pseud\u00f2nim per a aquesta finalitat. Quan la ressenya contingui dades personals, les dades seran tractades amb la finalitat de publicar la ressenya a la web oficial de DigitalFix. La base que legitima el tractament \u00e9s l&#8217;art. 6.1.a) consentiment expr\u00e9s. Les dades seran conservades de manera indefinida mentre la ressenya es mantingui publicada. En cas que la persona interessada suprimeixi la ressenya, les dades seran autom\u00e0ticament suprimides, llevat que hagi infringit o vulnerat la nostra pol\u00edtica de moderaci\u00f3 disponible a la nostra web. En aquest cas, les dades es poden conservar durant el per\u00edode de recerca i\/o prescripci\u00f3 d&#8217;accions legals.<\/p><p><em><strong>Fulfillment<\/strong><\/em><\/p><p>DigitalFix ofereix serveis log\u00edstics a tercers venedors. En aquest sup\u00f2sit, el responsable del tractament ser\u00e0 el venedor. Aix\u00f2 no obstant, per tal de refor\u00e7ar el principi d&#8217;informaci\u00f3, es comunica que les dades seran tractades seguint, en tot moment, les instruccions del venedor. En qualsevol cas, DigitalFix conservar\u00e0 les dades \u00fanicament i exclusiva durant el per\u00edode d&#8217;exercici de la garantia legal del producte. Posteriorment, seran suprimits.<\/p><p><em><strong>\u201cFormulari sol\u00b7licitud de reparaci\u00f3\u201d<\/strong><\/em><\/p><p>Les dades seran tractades per emetre un pressupost i gestionar la sol\u00b7licitud de reparaci\u00f3. La base legitimadora del tractament \u00e9s l&#8217;art. 6.1.a) RGPD, el consentiment de l&#8217;interessat. En cas que el client accepti el pressupost de reparaci\u00f3, la base legitimadora ser\u00e0 l&#8217;art. 6.1.c) RGPD, execuci\u00f3 d&#8217;una relaci\u00f3 contractual. Les dades es conservaran durant el temps que sigui necessari per a la prestaci\u00f3 del servei. Posteriorment, les dades seran degudament bloquejades durant el termini de prescripci\u00f3 de les accions que en puguin derivar i, transcorregut aquest, la seva completa eliminaci\u00f3.<\/p><p><em><strong>\u201cXat\u201d<\/strong><\/em><\/p><p>Les dades seran tractades per tramitar una petici\u00f3 dinformaci\u00f3 realitzada per lusuari. La base legitimadora del tractament \u00e9s l&#8217;art. 6.1.b) RGPD, l&#8217;aplicaci\u00f3 a petici\u00f3 de l&#8217;interessat de mesures precontractuals o l&#8217;execuci\u00f3 de la relaci\u00f3 contractual. Les dades es conservaran \u00fanicament durant el per\u00edode necessari per tramitar la consulta.<\/p><p><em><strong>Destinataris de les dades<\/strong><\/em> Amb motiu de la compra les vostres dades poden ser comunicades als destinataris seg\u00fcents:<\/p><p>Entitats banc\u00e0ries per al pagament de les compres mitjan\u00e7ant targeta i\/o estudi de finan\u00e7ament de compres i obtenci\u00f3 de cr\u00e8dits al consum. La base que legitima la comunicaci\u00f3 \u00e9s l&#8217;art. 6.1.b) execuci\u00f3 de la relaci\u00f3 contractual. Entitats que presten serveis de recerca, descoberta i prevenci\u00f3 del frau, aix\u00ed com la minimitzaci\u00f3 del risc de la seva comissi\u00f3, segons l&#8217;inter\u00e8s leg\u00edtim reconegut per la normativa vigent. La base legitimadora de la cessi\u00f3 \u00e9s l&#8217;art. 6.1.c) obligaci\u00f3 legal. Entitats i empreses del sector de lenergia. La base legitimadora de la cessi\u00f3 \u00e9s l&#8217;art. 6.1.c) obligaci\u00f3 legal. A l&#8217;Oficina de consumidors i usuaris en cas que hi hagi alguna reclamaci\u00f3. La base legitimadora de la cessi\u00f3 \u00e9s l&#8217;art. 6.1.c) obligaci\u00f3 legal. Als fabricants, serveis t\u00e8cnics i\/o majoristes en el cas de garanties o reparacions. A aquelles empreses transportistes que puguin tenir encarregat la tramesa als clients de les comandes corresponents. Aquests destinataris poden estar ubicats dins del territori espanyol com a fora del mateix, en funci\u00f3 del producte i\/o servei adquirit. La base que legitima la comunicaci\u00f3 \u00e9s l&#8217;art. 6.1.c) obligaci\u00f3 legal. A les empreses de transport i enviament de paqueteria. La base legitimadora de la cessi\u00f3 \u00e9s l&#8217;art. 6.1.b) execuci\u00f3 de la relaci\u00f3 contractual. En els sup\u00f2sits legalment establerts, com \u00e9s el cas de les forces i cossos de seguretat. a base legitimadora de la cessi\u00f3 \u00e9s l&#8217;Art. 6.1.c) obligaci\u00f3 legal. A les administracions p\u00fabliques a qu\u00e8 h\u00e0gim de facilitar informaci\u00f3 a petici\u00f3 d&#8217;un requeriment. La base legitimadora de la cessi\u00f3 \u00e9s l&#8217;art. 6.1.c) obligaci\u00f3 legal.<\/p><p><em><strong>Drets de les persones interessades<\/strong><\/em> La persona interessada pot exercir els drets seg\u00fcents.<\/p><p>Podreu sol\u00b7licitar informaci\u00f3 sobre les dades de car\u00e0cter personal emmagatzemades que us concerneixin (acc\u00e9s). Podreu sol\u00b7licitar que es corregeixi la inexactitud de les vostres dades personals (rectificaci\u00f3). Podreu sol\u00b7licitar l&#8217;eliminaci\u00f3 o limitaci\u00f3 del tractament de les vostres dades personals i (supressi\u00f3 i limitaci\u00f3). Tamb\u00e9 podreu sol\u00b7licitar que se us posin a disposici\u00f3 les vostres dades personals en un format estructurat, corrent i de lectura mec\u00e0nica (portabilitat). Oposici\u00f3 al tractament, per exemple, davant de la recepci\u00f3 de publicitat (oposici\u00f3). Per fer-ho, podreu exercitar els vostres drets per escrit enviant un correu electr\u00f2nic a l&#8217;adre\u00e7a: info@digitalfix.es. Si DigitalFix tingu\u00e9s dubtes raonables en relaci\u00f3 amb la identitat de la persona f\u00edsica que cursa la sol\u00b7licitud, podr\u00e0 sol\u00b7licitar-li que faciliti informaci\u00f3 addicional necess\u00e0ria per confirmar la identitat de la persona interessada.<\/p><p>L&#8217;interessat tamb\u00e9 t\u00e9 dret a presentar una reclamaci\u00f3 davant de les autoritats de protecci\u00f3 de dades (Ag\u00e8ncia Espanyola de Protecci\u00f3 de Dades). No obstant aix\u00f2, qualsevol q\u00fcesti\u00f3 relacionada amb les dades us convidem a contactar amb nosaltres per solucionar-la.<\/p><p><em><strong>Delegat de protecci\u00f3 de dades<\/strong><\/em><\/p><p>Hem designat un delegat de protecci\u00f3 de dades (DPO) per a qualsevol q\u00fcesti\u00f3 relacionada amb les vostres dades personals. Podeu contactar-hi a trav\u00e9s de l&#8217;adre\u00e7a info@digitalfix.es<\/p><p><em><strong>Qualitat de les dades<\/strong><\/em><\/p><p>Els usuaris hauran de garantir la veracitat, exactitud, autenticitat i vig\u00e8ncia de les dades de car\u00e0cter personal que els hagin estat recollides.<\/p><p><em><strong>Protecci\u00f3 dels menors<\/strong><\/em><\/p><p>No recollim dades personals de menors. \u00c9s responsabilitat del pare\/mare\/tutor legal vetllar per a la privadesa dels menors, fent tot el possible per assegurar que han autoritzat la recollida i l&#8217;\u00fas de les dades personals del menor.<\/p>\t\t\t\t\t\t\t\t<\/div>\n\t\t\t\t<\/div>\n\t\t\t\t\t<\/div>\n\t\t\t\t<\/div>\n\t\t\t\t<\/div>\n\t\t","protected":false},"excerpt":{"rendered":"<p>En cas que la persona interessada faciliti dades de car\u00e0cter personal (\u201cDades\u201d), les dades seran tractades de forma lleial i l\u00edcita, respectant en tot moment els principis i drets recollits al Reglament (UE) 2016\/679 del Parlament i del Consell de 27 d&#8217;abril de 2016 relatiu a la protecci\u00f3 de les persones f\u00edsiques pel que fa [&hellip;]<\/p>\n","protected":false},"author":1,"featured_media":0,"parent":0,"menu_order":0,"comment_status":"closed","ping_status":"closed","template":"","meta":{"_uag_custom_page_level_css":"","footnotes":""},"class_list":["post-365","page","type-page","status-publish","hentry"],"uagb_featured_image_src":{"full":false,"thumbnail":false,"medium":false,"medium_large":false,"large":false,"1536x1536":false,"2048x2048":false},"uagb_author_info":{"display_name":"admin2668","author_link":"https:\/\/digitalfix.cat\/index.php\/author\/admin2668\/"},"uagb_comment_info":0,"uagb_excerpt":"En cas que la persona interessada faciliti dades de car\u00e0cter personal (\u201cDades\u201d), les dades seran tractades de forma lleial i l\u00edcita, respectant en tot moment els principis i drets recollits al Reglament (UE) 2016\/679 del Parlament i del Consell de 27 d&#8217;abril de 2016 relatiu a la protecci\u00f3 de les persones f\u00edsiques pel que fa&hellip;","_links":{"self":[{"href":"https:\/\/digitalfix.cat\/index.php\/wp-json\/wp\/v2\/pages\/365","targetHints":{"allow":["GET"]}}],"collection":[{"href":"https:\/\/digitalfix.cat\/index.php\/wp-json\/wp\/v2\/pages"}],"about":[{"href":"https:\/\/digitalfix.cat\/index.php\/wp-json\/wp\/v2\/types\/page"}],"author":[{"embeddable":true,"href":"https:\/\/digitalfix.cat\/index.php\/wp-json\/wp\/v2\/users\/1"}],"replies":[{"embeddable":true,"href":"https:\/\/digitalfix.cat\/index.php\/wp-json\/wp\/v2\/comments?post=365"}],"version-history":[{"count":8,"href":"https:\/\/digitalfix.cat\/index.php\/wp-json\/wp\/v2\/pages\/365\/revisions"}],"predecessor-version":[{"id":417,"href":"https:\/\/digitalfix.cat\/index.php\/wp-json\/wp\/v2\/pages\/365\/revisions\/417"}],"wp:attachment":[{"href":"https:\/\/digitalfix.cat\/index.php\/wp-json\/wp\/v2\/media?parent=365"}],"curies":[{"name":"wp","href":"https:\/\/api.w.org\/{rel}","templated":true}]}}